{"id":264,"date":"2022-10-25T09:47:55","date_gmt":"2022-10-25T09:47:55","guid":{"rendered":"https:\/\/dev.studio-horn.de\/staging\/viaprinto-dev\/?page_id=264"},"modified":"2026-01-21T09:56:50","modified_gmt":"2026-01-21T08:56:50","slug":"impressum","status":"publish","type":"page","link":"https:\/\/www.viaprinto.de\/blog\/impressum\/","title":{"rendered":"Impressum"},"content":{"rendered":"\n<p>\u201eviaprinto\u201c ist eine gesch\u00fctzte Marke.<\/p>\n\n\n\n<p><strong>Anbieterkennzeichnung gem\u00e4\u00df \u00a75 TMG\/\u00a7 18 MStV<\/strong><\/p>\n\n\n\n<p>Die Internetseite https:\/\/www.viaprinto.de\/blog\/ wird betrieben von<br>viaprinto GmbH &amp; Co. KG<br>Martin-Luther-King-Weg 30a<br>D-48155 M\u00fcnster<br>E-Mail: service@viaprinto.de<br>Web: www.viaprinto.de<br>USt-Id-Nr.: DE352319037<\/p>\n\n\n\n<p><strong>viaprinto GmbH &amp; Co. KG mit Sitz in M\u00fcnster<\/strong><br>Registergericht M\u00fcnster HR A 11508<\/p>\n\n\n\n<p><strong>Gesch\u00e4ftsf\u00fchrende Komplement\u00e4rin<\/strong><br>viaprinto-Beteiligungs-GmbH mit Sitz in Oldenburg, HR B 217997<br>Gesch\u00e4ftsf\u00fchrer: Frank Morjan, Oliver Thomsen<\/p>\n\n\n\n<p>viaprinto GmbH &amp; Co. KG ist ein Unternehmen der CEWE Stiftung &amp; Co. KGaA mit Sitz in Oldenburg,<br>Registergericht Oldenburg HR B 208214<\/p>\n\n\n\n<p><strong>Verantwortlich i. S. d. \u00a718 MStV (2)<\/strong><br>Daniela K\u00fcper, Adresse: Martin-Luther-King-Weg 30a, 48155 M\u00fcnster<\/p>\n\n\n\n<p><strong>Kontakt<\/strong><br>Deutschland:<br>Telefon: 0800 589 31 41<br>Mo. \u2013 Fr. 8 \u2013 18 Uhr,<br>(geb\u00fchrenfrei aus dem dt. Festnetz und allen dt. Mobilfunknetzen)<\/p>\n\n\n\n<p><strong>Ausland<\/strong><br>Telefon: +49 251 97920-200 (kostenpflichtig)<br>Fax: +49 251 97920-220<\/p>\n\n\n\n<p><strong>Haftungsausschluss<\/strong><\/p>\n\n\n\n<p>F\u00fcr Vollst\u00e4ndigkeit, Fehler redaktioneller und technischer Art, Auslastungen usw. sowie die Richtigkeit der Eintragungen kann keine Haftung \u00fcbernommen werden.<\/p>\n\n\n\n<p>Insbesondere kann keine Gew\u00e4hr f\u00fcr die Vollst\u00e4ndigkeit und Richtigkeit von Informationen \u00fcbernommen werden, die \u00fcber weiterf\u00fchrende Links erreicht werden.<\/p>\n\n\n\n<p>Anbieter sind f\u00fcr die eigenen Inhalte, die sie zur Nutzung bereit halten, nach den allgemeinen Gesetzen verantwortlich. Von diesen eigenen Inhalten sind Querverweise auf die von anderen Anbietern bereit gehaltenen Inhalte zu unterscheiden.<\/p>\n\n\n\n<p>Die Verweise durch Hyperlinks auf Inhalte fremder Webseiten dienen lediglich der Information.<\/p>\n\n\n\n<p>Die Verantwortlichkeit f\u00fcr diese fremden Inhalte liegt alleine bei dem Anbieter, der die Inhalte bereit h\u00e4lt. Vor dem Einrichten des entsprechenden Verweises sind die Webseiten der anderen Anbieter mit gro\u00dfer Sorgfalt und nach besten Wissen und Gewissen \u00fcberpr\u00fcft worden. Es kann jedoch keine Gew\u00e4hr f\u00fcr die Vollst\u00e4ndigkeit und Richtigkeit von Informationen \u00fcbernommen werden, die \u00fcber weiterf\u00fchrende Hyperlinks erreicht werden. Der Inhalt der anderen Webseiten kann jederzeit ohne Wissen der viaprinto GmbH &amp; Co. KG ge\u00e4ndert werden.<\/p>\n\n\n\n<p>F\u00fcr s\u00e4mtliche Links auf diesen Seiten gilt: Wir betonen, dass wir keinen Einfluss auf die Gestaltung und die Inhalte der durch Link von unserer Homepage aus erreichbaren Seiten anderer Anbieter haben und uns deren Inhalt nicht zu eigen machen. Diese Erkl\u00e4rung gilt f\u00fcr alle Seiten dieser Homepage und die dort angebrachten Links.<\/p>\n\n\n\n<p>Falls die viaprinto GmbH &amp; Co. KG auf Seiten verweist, deren Inhalt Anlass zur Beanstandung gibt, bitten wir um Mitteilung.<\/p>\n\n\n\n<p>Die viaprinto GmbH &amp; Co. KG beh\u00e4lt sich das Recht vor, ohne vorherige Ank\u00fcndigung die bereit gestellten Informationen zu \u00e4ndern, zu erg\u00e4nzen oder zu entfernen.<\/p>\n\n\n\n<p>F\u00fcr Verbraucherstreitigkeiten mit dem Anbieter ist die Verbraucherstreitbeilegungsstelle \u201eAllgemeine Verbraucherschlichtungsstelle des Zentrums f\u00fcr Schlichtung e.V.\u201c, zust\u00e4ndig. Die Streitbeilegungsstelle hat ihren Sitz hier: Stra\u00dfburger Stra\u00dfe 8, 77694 Kehl am Rhein, die Webseite finden Sie unter: <a href=\"http:\/\/www.verbraucher-schlichter.de\">www.verbraucher-schlichter.de<\/a>. <\/p>\n\n\n\n<p>Wir erkl\u00e4ren allerdings, zur Teilnahme an einem Streitbeilegungsverfahren weder bereit noch verpflichtet zu sein. Sollten Sie daher mit einem unserer Angebote nicht zufrieden sein, k\u00f6nnen Sie uns gerne unter <a href=\"mailto:service@viaprinto.de\">service@viaprinto.de<\/a>&nbsp;kontaktieren.<\/p>\n\n\n\n<p><strong>Bildnachweis<\/strong><br>Eigenproduktionen von viaprinto.de; \u00a9 CEWE Stiftung &amp; Co. KGaA; \u00a9 Fotolia; \u00a9 Getty Images International; \u00a9 iStockphoto; \u00a9 Shutterstock; \u00a9 AdobeStock; \u00a9 Unsplash; \u00a9 Pexels; \u00a9 Freepik<\/p>\n\n\n\n<p><\/p>\n","protected":false},"excerpt":{"rendered":"<p>\u201eviaprinto\u201c ist eine gesch\u00fctzte Marke. Anbieterkennzeichnung gem\u00e4\u00df \u00a75 TMG\/\u00a7 18 MStV Die Internetseite https:\/\/www.viaprinto.de\/blog\/ wird betrieben vonviaprinto GmbH &amp; Co. KGMartin-Luther-King-Weg 30aD-48155 M\u00fcnsterE-Mail: service@viaprinto.deWeb: www.viaprinto.deUSt-Id-Nr.: DE352319037 viaprinto GmbH &amp; Co. KG mit Sitz in M\u00fcnsterRegistergericht M\u00fcnster HR A 11508 Gesch\u00e4ftsf\u00fchrende Komplement\u00e4rinviaprinto-Beteiligungs-GmbH mit Sitz in Oldenburg, HR B 217997Gesch\u00e4ftsf\u00fchrer: Frank Morjan, Oliver Thomsen viaprinto GmbH &amp; [&hellip;]<\/p>\n","protected":false},"author":2,"featured_media":0,"parent":0,"menu_order":0,"comment_status":"closed","ping_status":"closed","template":"","meta":{"_acf_changed":false,"inline_featured_image":false,"footnotes":""},"class_list":["post-264","page","type-page","status-publish","hentry"],"mb":[],"acf":[],"yoast_head":"<!-- This site is optimized with the Yoast SEO plugin v27.4 - https:\/\/yoast.com\/product\/yoast-seo-wordpress\/ -->\n<title>Impressum | viaprinto Blog | Alles \u00fcber den Druck<\/title>\n<meta name=\"robots\" content=\"index, follow, max-snippet:-1, max-image-preview:large, max-video-preview:-1\" \/>\n<link rel=\"canonical\" href=\"https:\/\/www.viaprinto.de\/blog\/impressum\/\" \/>\n<meta property=\"og:locale\" content=\"de_DE\" \/>\n<meta property=\"og:type\" content=\"article\" \/>\n<meta property=\"og:title\" content=\"Impressum | viaprinto Blog | Alles \u00fcber den Druck\" \/>\n<meta property=\"og:description\" content=\"\u201eviaprinto\u201c ist eine gesch\u00fctzte Marke. Anbieterkennzeichnung gem\u00e4\u00df \u00a75 TMG\/\u00a7 18 MStV Die Internetseite https:\/\/www.viaprinto.de\/blog\/ wird betrieben vonviaprinto GmbH &amp; Co. KGMartin-Luther-King-Weg 30aD-48155 M\u00fcnsterE-Mail: service@viaprinto.deWeb: www.viaprinto.deUSt-Id-Nr.: DE352319037 viaprinto GmbH &amp; Co. KG mit Sitz in M\u00fcnsterRegistergericht M\u00fcnster HR A 11508 Gesch\u00e4ftsf\u00fchrende Komplement\u00e4rinviaprinto-Beteiligungs-GmbH mit Sitz in Oldenburg, HR B 217997Gesch\u00e4ftsf\u00fchrer: Frank Morjan, Oliver Thomsen viaprinto GmbH &amp; [&hellip;]\" \/>\n<meta property=\"og:url\" content=\"https:\/\/www.viaprinto.de\/blog\/impressum\/\" \/>\n<meta property=\"og:site_name\" content=\"viaprinto Blog | Alles \u00fcber den Druck\" \/>\n<meta property=\"article:modified_time\" content=\"2026-01-21T08:56:50+00:00\" \/>\n<script type=\"application\/ld+json\" class=\"yoast-schema-graph\">{\"@context\":\"https:\\\/\\\/schema.org\",\"@graph\":[{\"@type\":\"WebPage\",\"@id\":\"https:\\\/\\\/www.viaprinto.de\\\/blog\\\/impressum\\\/\",\"url\":\"https:\\\/\\\/www.viaprinto.de\\\/blog\\\/impressum\\\/\",\"name\":\"Impressum | viaprinto Blog | Alles \u00fcber den Druck\",\"isPartOf\":{\"@id\":\"https:\\\/\\\/www.viaprinto.de\\\/blog\\\/#website\"},\"breadcrumb\":{\"@id\":\"https:\\\/\\\/www.viaprinto.de\\\/blog\\\/impressum\\\/#breadcrumb\"},\"inLanguage\":\"de\",\"potentialAction\":[{\"@type\":\"ReadAction\",\"target\":[\"https:\\\/\\\/www.viaprinto.de\\\/blog\\\/impressum\\\/\"]}]},{\"@type\":\"BreadcrumbList\",\"@id\":\"https:\\\/\\\/www.viaprinto.de\\\/blog\\\/impressum\\\/#breadcrumb\",\"itemListElement\":[{\"@type\":\"ListItem\",\"position\":1,\"name\":\"Startseite\",\"item\":\"https:\\\/\\\/www.viaprinto.de\\\/blog\\\/\"},{\"@type\":\"ListItem\",\"position\":2,\"name\":\"Impressum\"}]},{\"@type\":\"WebSite\",\"@id\":\"https:\\\/\\\/www.viaprinto.de\\\/blog\\\/#website\",\"url\":\"https:\\\/\\\/www.viaprinto.de\\\/blog\\\/\",\"name\":\"viaprinto Blog | Alles \u00fcber den Druck\",\"description\":\"\",\"publisher\":{\"@id\":\"https:\\\/\\\/www.viaprinto.de\\\/blog\\\/#organization\"},\"potentialAction\":[{\"@type\":\"SearchAction\",\"target\":{\"@type\":\"EntryPoint\",\"urlTemplate\":\"https:\\\/\\\/www.viaprinto.de\\\/blog\\\/?s={search_term_string}\"},\"query-input\":{\"@type\":\"PropertyValueSpecification\",\"valueRequired\":true,\"valueName\":\"search_term_string\"}}],\"inLanguage\":\"de\"},{\"@type\":\"Organization\",\"@id\":\"https:\\\/\\\/www.viaprinto.de\\\/blog\\\/#organization\",\"name\":\"viaprinto\",\"url\":\"https:\\\/\\\/www.viaprinto.de\\\/blog\\\/\",\"logo\":{\"@type\":\"ImageObject\",\"inLanguage\":\"de\",\"@id\":\"https:\\\/\\\/www.viaprinto.de\\\/blog\\\/#\\\/schema\\\/logo\\\/image\\\/\",\"url\":\"https:\\\/\\\/www.viaprinto.de\\\/blog\\\/wp-content\\\/uploads\\\/2022\\\/12\\\/viaprinto-blog-logo.svg\",\"contentUrl\":\"https:\\\/\\\/www.viaprinto.de\\\/blog\\\/wp-content\\\/uploads\\\/2022\\\/12\\\/viaprinto-blog-logo.svg\",\"caption\":\"viaprinto\"},\"image\":{\"@id\":\"https:\\\/\\\/www.viaprinto.de\\\/blog\\\/#\\\/schema\\\/logo\\\/image\\\/\"},\"sameAs\":[\"https:\\\/\\\/www.linkedin.com\\\/company\\\/viaprinto\"]}]}<\/script>\n<!-- \/ Yoast SEO plugin. -->","yoast_head_json":{"title":"Impressum | viaprinto Blog | Alles \u00fcber den Druck","robots":{"index":"index","follow":"follow","max-snippet":"max-snippet:-1","max-image-preview":"max-image-preview:large","max-video-preview":"max-video-preview:-1"},"canonical":"https:\/\/www.viaprinto.de\/blog\/impressum\/","og_locale":"de_DE","og_type":"article","og_title":"Impressum | viaprinto Blog | Alles \u00fcber den Druck","og_description":"\u201eviaprinto\u201c ist eine gesch\u00fctzte Marke. Anbieterkennzeichnung gem\u00e4\u00df \u00a75 TMG\/\u00a7 18 MStV Die Internetseite https:\/\/www.viaprinto.de\/blog\/ wird betrieben vonviaprinto GmbH &amp; Co. KGMartin-Luther-King-Weg 30aD-48155 M\u00fcnsterE-Mail: service@viaprinto.deWeb: www.viaprinto.deUSt-Id-Nr.: DE352319037 viaprinto GmbH &amp; Co. KG mit Sitz in M\u00fcnsterRegistergericht M\u00fcnster HR A 11508 Gesch\u00e4ftsf\u00fchrende Komplement\u00e4rinviaprinto-Beteiligungs-GmbH mit Sitz in Oldenburg, HR B 217997Gesch\u00e4ftsf\u00fchrer: Frank Morjan, Oliver Thomsen viaprinto GmbH &amp; [&hellip;]","og_url":"https:\/\/www.viaprinto.de\/blog\/impressum\/","og_site_name":"viaprinto Blog | Alles \u00fcber den Druck","article_modified_time":"2026-01-21T08:56:50+00:00","schema":{"@context":"https:\/\/schema.org","@graph":[{"@type":"WebPage","@id":"https:\/\/www.viaprinto.de\/blog\/impressum\/","url":"https:\/\/www.viaprinto.de\/blog\/impressum\/","name":"Impressum | viaprinto Blog | Alles \u00fcber den Druck","isPartOf":{"@id":"https:\/\/www.viaprinto.de\/blog\/#website"},"breadcrumb":{"@id":"https:\/\/www.viaprinto.de\/blog\/impressum\/#breadcrumb"},"inLanguage":"de","potentialAction":[{"@type":"ReadAction","target":["https:\/\/www.viaprinto.de\/blog\/impressum\/"]}]},{"@type":"BreadcrumbList","@id":"https:\/\/www.viaprinto.de\/blog\/impressum\/#breadcrumb","itemListElement":[{"@type":"ListItem","position":1,"name":"Startseite","item":"https:\/\/www.viaprinto.de\/blog\/"},{"@type":"ListItem","position":2,"name":"Impressum"}]},{"@type":"WebSite","@id":"https:\/\/www.viaprinto.de\/blog\/#website","url":"https:\/\/www.viaprinto.de\/blog\/","name":"viaprinto Blog | Alles \u00fcber den Druck","description":"","publisher":{"@id":"https:\/\/www.viaprinto.de\/blog\/#organization"},"potentialAction":[{"@type":"SearchAction","target":{"@type":"EntryPoint","urlTemplate":"https:\/\/www.viaprinto.de\/blog\/?s={search_term_string}"},"query-input":{"@type":"PropertyValueSpecification","valueRequired":true,"valueName":"search_term_string"}}],"inLanguage":"de"},{"@type":"Organization","@id":"https:\/\/www.viaprinto.de\/blog\/#organization","name":"viaprinto","url":"https:\/\/www.viaprinto.de\/blog\/","logo":{"@type":"ImageObject","inLanguage":"de","@id":"https:\/\/www.viaprinto.de\/blog\/#\/schema\/logo\/image\/","url":"https:\/\/www.viaprinto.de\/blog\/wp-content\/uploads\/2022\/12\/viaprinto-blog-logo.svg","contentUrl":"https:\/\/www.viaprinto.de\/blog\/wp-content\/uploads\/2022\/12\/viaprinto-blog-logo.svg","caption":"viaprinto"},"image":{"@id":"https:\/\/www.viaprinto.de\/blog\/#\/schema\/logo\/image\/"},"sameAs":["https:\/\/www.linkedin.com\/company\/viaprinto"]}]}},"mfb_rest_fields":["title","yoast_head","yoast_head_json"],"_links":{"self":[{"href":"https:\/\/www.viaprinto.de\/blog\/wp-json\/wp\/v2\/pages\/264","targetHints":{"allow":["GET"]}}],"collection":[{"href":"https:\/\/www.viaprinto.de\/blog\/wp-json\/wp\/v2\/pages"}],"about":[{"href":"https:\/\/www.viaprinto.de\/blog\/wp-json\/wp\/v2\/types\/page"}],"author":[{"embeddable":true,"href":"https:\/\/www.viaprinto.de\/blog\/wp-json\/wp\/v2\/users\/2"}],"replies":[{"embeddable":true,"href":"https:\/\/www.viaprinto.de\/blog\/wp-json\/wp\/v2\/comments?post=264"}],"version-history":[{"count":7,"href":"https:\/\/www.viaprinto.de\/blog\/wp-json\/wp\/v2\/pages\/264\/revisions"}],"predecessor-version":[{"id":20007,"href":"https:\/\/www.viaprinto.de\/blog\/wp-json\/wp\/v2\/pages\/264\/revisions\/20007"}],"wp:attachment":[{"href":"https:\/\/www.viaprinto.de\/blog\/wp-json\/wp\/v2\/media?parent=264"}],"curies":[{"name":"wp","href":"https:\/\/api.w.org\/{rel}","templated":true}]}}